{"id":968,"date":"2023-07-03T17:51:06","date_gmt":"2023-07-03T17:51:06","guid":{"rendered":"https:\/\/betatom.com.tr\/?page_id=968"},"modified":"2023-07-03T17:51:56","modified_gmt":"2023-07-03T17:51:56","slug":"emar-cekimlerinde-dikkat-edilmesi-gerekenler","status":"publish","type":"page","link":"https:\/\/betatom.com.tr\/?page_id=968","title":{"rendered":"Emar \u00c7ekimlerinde Dikkat Edilmesi Gerekenler"},"content":{"rendered":"\t\t<div data-elementor-type=\"wp-page\" data-elementor-id=\"968\" class=\"elementor elementor-968\" data-elementor-settings=\"{&quot;ha_cmc_init_switcher&quot;:&quot;no&quot;}\">\n\t\t\t\t\t\t<section class=\"has_eae_slider elementor-section elementor-top-section elementor-element elementor-element-60807ac elementor-section-boxed elementor-section-height-default elementor-section-height-default wpr-particle-no wpr-jarallax-no wpr-parallax-no wpr-sticky-section-no wpr-column-slider-no wpr-equal-height-no\" data-eae-slider=\"60028\" data-id=\"60807ac\" data-element_type=\"section\" data-e-type=\"section\" data-settings=\"{&quot;_ha_eqh_enable&quot;:false}\">\n\t\t\t\t\t\t<div class=\"elementor-container elementor-column-gap-default\">\n\t\t\t\t\t<div class=\"has_eae_slider elementor-column elementor-col-100 elementor-top-column elementor-element elementor-element-7ec9178\" data-eae-slider=\"49022\" data-id=\"7ec9178\" data-element_type=\"column\" data-e-type=\"column\">\n\t\t\t<div class=\"elementor-widget-wrap elementor-element-populated\">\n\t\t\t\t\t\t<div class=\"elementor-element elementor-element-e5ad0f7 elementor-widget elementor-widget-heading\" data-id=\"e5ad0f7\" data-element_type=\"widget\" data-e-type=\"widget\" data-widget_type=\"heading.default\">\n\t\t\t\t<div class=\"elementor-widget-container\">\n\t\t\t\t\t<h1 class=\"elementor-heading-title elementor-size-default\">Emar \u00c7ekiminde Dikkat Edilmesi Gerekenler <\/h1>\t\t\t\t<\/div>\n\t\t\t\t<\/div>\n\t\t\t\t\t<\/div>\n\t\t<\/div>\n\t\t\t\t\t<\/div>\n\t\t<\/section>\n\t\t\t\t<section class=\"has_eae_slider elementor-section elementor-top-section elementor-element elementor-element-ec27e60 elementor-section-boxed elementor-section-height-default elementor-section-height-default wpr-particle-no wpr-jarallax-no wpr-parallax-no wpr-sticky-section-no wpr-column-slider-no wpr-equal-height-no\" data-eae-slider=\"76131\" data-id=\"ec27e60\" data-element_type=\"section\" data-e-type=\"section\" data-settings=\"{&quot;_ha_eqh_enable&quot;:false}\">\n\t\t\t\t\t\t<div class=\"elementor-container elementor-column-gap-default\">\n\t\t\t\t\t<div class=\"has_eae_slider elementor-column elementor-col-100 elementor-top-column elementor-element elementor-element-28af14d\" data-eae-slider=\"91497\" data-id=\"28af14d\" data-element_type=\"column\" data-e-type=\"column\">\n\t\t\t<div class=\"elementor-widget-wrap elementor-element-populated\">\n\t\t\t\t\t\t<div class=\"elementor-element elementor-element-8c8dc46 elementor-widget elementor-widget-image\" data-id=\"8c8dc46\" data-element_type=\"widget\" data-e-type=\"widget\" data-widget_type=\"image.default\">\n\t\t\t\t<div class=\"elementor-widget-container\">\n\t\t\t\t\t\t\t\t\t\t\t\t\t\t\t<img decoding=\"async\" src=\"https:\/\/betatom.com.tr\/wp-content\/uploads\/2023\/06\/WhatsApp-Image-2023-06-08-at-15.16.10-3-1.jpeg\" title=\"\" alt=\"\" loading=\"lazy\" \/>\t\t\t\t\t\t\t\t\t\t\t\t\t\t\t<\/div>\n\t\t\t\t<\/div>\n\t\t\t\t\t<\/div>\n\t\t<\/div>\n\t\t\t\t\t<\/div>\n\t\t<\/section>\n\t\t\t\t<section class=\"has_eae_slider elementor-section elementor-top-section elementor-element elementor-element-75595ed elementor-section-boxed elementor-section-height-default elementor-section-height-default wpr-particle-no wpr-jarallax-no wpr-parallax-no wpr-sticky-section-no wpr-column-slider-no wpr-equal-height-no\" data-eae-slider=\"3624\" data-id=\"75595ed\" data-element_type=\"section\" data-e-type=\"section\" data-settings=\"{&quot;_ha_eqh_enable&quot;:false}\">\n\t\t\t\t\t\t<div class=\"elementor-container elementor-column-gap-default\">\n\t\t\t\t\t<div class=\"has_eae_slider elementor-column elementor-col-100 elementor-top-column elementor-element elementor-element-d08a831\" data-eae-slider=\"86349\" data-id=\"d08a831\" data-element_type=\"column\" data-e-type=\"column\">\n\t\t\t<div class=\"elementor-widget-wrap elementor-element-populated\">\n\t\t\t\t\t\t<div class=\"elementor-element elementor-element-51fe3f4 elementor-widget elementor-widget-text-editor\" data-id=\"51fe3f4\" data-element_type=\"widget\" data-e-type=\"widget\" data-widget_type=\"text-editor.default\">\n\t\t\t\t<div class=\"elementor-widget-container\">\n\t\t\t\t\t\t\t\t\t<p>Emar (manyetik rezonans g\u00f6r\u00fcnt\u00fcleme) \u00e7ekimi, v\u00fccudun i\u00e7 yap\u0131lar\u0131n\u0131 detayl\u0131 bir \u015fekilde g\u00f6r\u00fcnt\u00fclemek i\u00e7in kullan\u0131lan bir t\u0131bbi g\u00f6r\u00fcnt\u00fcleme y\u00f6ntemidir. E\u011fer bir emar \u00e7ekimi yap\u0131lacaksa, a\u015fa\u011f\u0131daki hususlara dikkat etmek \u00f6nemlidir:<\/p><p>1. Metal Nesneleri \u00c7\u0131kar\u0131n: Emar cihaz\u0131 g\u00fc\u00e7l\u00fc manyetik alanlar kullan\u0131r, bu nedenle \u00e7ekim \u00f6ncesi v\u00fccutta bulunan metal nesnelerin \u00e7\u0131kar\u0131lmas\u0131 gerekmektedir. Bu, tak\u0131lar, saatler, g\u00f6zl\u00fckler, sa\u00e7 tokalar\u0131, fermuarlar, c\u00fczdanlar, anahtarlar, metal destekli k\u0131yafetler gibi \u015feyleri i\u00e7erir.<\/p><p>2. \u0130leti\u015fim Bilgileri: Emar \u00e7ekimi s\u0131ras\u0131nda, hasta rahats\u0131z oldu\u011funda veya acil bir durum oldu\u011funda ileti\u015fim kurulmas\u0131 i\u00e7in ileti\u015fim bilgileri al\u0131n\u0131r. B\u00f6ylece hasta veya refakat\u00e7isi gerekti\u011finde t\u0131bbi ekip ile ileti\u015fim kurabilir.<\/p><p>3. Kontrast Madde Kullan\u0131m\u0131: E\u011fer emar \u00e7ekimi s\u0131ras\u0131nda kontrast madde kullan\u0131lacaksa, bu konuda doktorunuz taraf\u0131ndan size bilgi verilecektir. Kontrast madde, damar yoluyla verilen bir madde olup, baz\u0131 durumlarda g\u00f6r\u00fcnt\u00fclerin netli\u011fini art\u0131rmak i\u00e7in kullan\u0131l\u0131r.<\/p><p>4. Rahat K\u0131yafetler: Emar \u00e7ekimi i\u00e7in rahat k\u0131yafetler tercih edilmelidir. Hastaya verilen hasta k\u0131yafetleri de kullan\u0131labilir. Metal i\u00e7ermeyen, gev\u015fek ve rahat bir k\u0131yafet se\u00e7mek uygun olacakt\u0131r.<\/p><p>5. Rahatlamak \u0130\u00e7in Teknikler: Emar \u00e7ekimi s\u0131ras\u0131nda sabit kalmak \u00f6nemlidir. Rahatlamak i\u00e7in derin nefes almak, g\u00f6zlerinizi kapatmak veya gev\u015feme egzersizleri yapmak gibi teknikler kullanabilirsiniz. Baz\u0131 kliniklerde, m\u00fczik veya kulakl\u0131klarla rahatlama sa\u011flamak i\u00e7in ses sistemleri bulunabilir.<\/p><p>6. Klostrofobi Durumu: E\u011fer kapal\u0131 alanlara kar\u015f\u0131 klostrofobi (kapal\u0131 alan korkusu) gibi bir durumunuz varsa, \u00f6nceden doktorunuzla veya teknisyenle konu\u015farak bu endi\u015fenizi payla\u015fabilirsiniz. B\u00f6ylece size yard\u0131mc\u0131 olabilecek \u00f6nlemler al\u0131nabilir.<\/p><p>\u00d6nceden doktorunuz taraf\u0131ndan verilen talimatlara uyman\u0131z ve emar \u00e7ekimi \u00f6ncesinde gereken t\u00fcm bilgileri payla\u015fman\u0131z \u00f6nemlidir. Emar \u00e7ekimi s\u00fcreci hakk\u0131nda daha fazla bilgi edinmek i\u00e7in doktorunuz veya sa\u011fl\u0131k personeli ile ileti\u015fime ge\u00e7mek en do\u011frusudur.<\/p>\t\t\t\t\t\t\t\t<\/div>\n\t\t\t\t<\/div>\n\t\t\t\t\t<\/div>\n\t\t<\/div>\n\t\t\t\t\t<\/div>\n\t\t<\/section>\n\t\t\t\t<\/div>\n\t\t","protected":false},"excerpt":{"rendered":"<p>Emar \u00c7ekiminde Dikkat Edilmesi Gerekenler Emar (manyetik rezonans g\u00f6r\u00fcnt\u00fcleme) \u00e7ekimi, v\u00fccudun i\u00e7 yap\u0131lar\u0131n\u0131 detayl\u0131 bir \u015fekilde g\u00f6r\u00fcnt\u00fclemek i\u00e7in kullan\u0131lan bir t\u0131bbi g\u00f6r\u00fcnt\u00fcleme y\u00f6ntemidir. E\u011fer bir emar \u00e7ekimi yap\u0131lacaksa, a\u015fa\u011f\u0131daki hususlara dikkat etmek \u00f6nemlidir: 1. Metal Nesneleri \u00c7\u0131kar\u0131n: Emar cihaz\u0131 g\u00fc\u00e7l\u00fc manyetik alanlar kullan\u0131r, bu nedenle \u00e7ekim \u00f6ncesi v\u00fccutta bulunan metal nesnelerin \u00e7\u0131kar\u0131lmas\u0131 gerekmektedir. Bu, tak\u0131lar, saatler, g\u00f6zl\u00fckler, sa\u00e7 tokalar\u0131, fermuarlar, c\u00fczdanlar, anahtarlar, metal destekli k\u0131yafetler gibi \u015feyleri i\u00e7erir. 2. \u0130leti\u015fim Bilgileri: Emar \u00e7ekimi s\u0131ras\u0131nda, hasta rahats\u0131z oldu\u011funda veya acil bir durum oldu\u011funda ileti\u015fim kurulmas\u0131 i\u00e7in ileti\u015fim bilgileri al\u0131n\u0131r. B\u00f6ylece hasta veya refakat\u00e7isi gerekti\u011finde t\u0131bbi ekip ile ileti\u015fim kurabilir. 3. Kontrast Madde Kullan\u0131m\u0131: E\u011fer emar \u00e7ekimi s\u0131ras\u0131nda kontrast madde kullan\u0131lacaksa, bu konuda doktorunuz taraf\u0131ndan size bilgi verilecektir. Kontrast madde, damar yoluyla verilen bir madde olup, baz\u0131 durumlarda g\u00f6r\u00fcnt\u00fclerin netli\u011fini art\u0131rmak i\u00e7in kullan\u0131l\u0131r. 4. Rahat K\u0131yafetler: Emar \u00e7ekimi i\u00e7in rahat k\u0131yafetler tercih edilmelidir. Hastaya verilen hasta k\u0131yafetleri de kullan\u0131labilir. Metal i\u00e7ermeyen, gev\u015fek ve rahat bir k\u0131yafet se\u00e7mek uygun olacakt\u0131r. 5. Rahatlamak \u0130\u00e7in Teknikler: Emar \u00e7ekimi s\u0131ras\u0131nda sabit kalmak \u00f6nemlidir. Rahatlamak i\u00e7in derin nefes almak, g\u00f6zlerinizi kapatmak veya gev\u015feme egzersizleri yapmak gibi teknikler kullanabilirsiniz. Baz\u0131 kliniklerde, m\u00fczik veya kulakl\u0131klarla rahatlama sa\u011flamak i\u00e7in ses sistemleri bulunabilir. 6. Klostrofobi Durumu: E\u011fer kapal\u0131 alanlara kar\u015f\u0131 klostrofobi (kapal\u0131 alan korkusu) gibi bir durumunuz varsa, \u00f6nceden doktorunuzla veya teknisyenle konu\u015farak bu endi\u015fenizi payla\u015fabilirsiniz. B\u00f6ylece size yard\u0131mc\u0131 olabilecek \u00f6nlemler al\u0131nabilir. \u00d6nceden doktorunuz taraf\u0131ndan verilen talimatlara uyman\u0131z ve emar \u00e7ekimi \u00f6ncesinde gereken t\u00fcm bilgileri payla\u015fman\u0131z \u00f6nemlidir. Emar \u00e7ekimi s\u00fcreci hakk\u0131nda daha fazla bilgi edinmek i\u00e7in doktorunuz veya sa\u011fl\u0131k personeli ile ileti\u015fime ge\u00e7mek en do\u011frusudur.<\/p>\n","protected":false},"author":1,"featured_media":0,"parent":0,"menu_order":0,"comment_status":"closed","ping_status":"closed","template":"","meta":{"ngg_post_thumbnail":0,"footnotes":""},"class_list":["post-968","page","type-page","status-publish","hentry"],"yoast_head":"<!-- This site is optimized with the Yoast SEO plugin v27.5 - https:\/\/yoast.com\/product\/yoast-seo-wordpress\/ -->\n<title>Emar \u00c7ekimlerinde Dikkat Edilmesi Gerekenler - Betatom Emar - Betatom Emar Bah\u00e7elievler G\u00f6r\u00fcnt\u00fcleme Merkezi<\/title>\n<meta name=\"description\" content=\"Emar \u00c7ekimlerinde Dikkat Edilmesi Gerekenler Betatom Emar - Betatom Emar Bah\u00e7elievler G\u00f6r\u00fcnt\u00fcleme Merkezi -\" \/>\n<meta name=\"robots\" content=\"index, follow, max-snippet:-1, max-image-preview:large, max-video-preview:-1\" \/>\n<link rel=\"canonical\" href=\"https:\/\/betatom.com.tr\/?page_id=968\" \/>\n<meta property=\"og:locale\" content=\"tr_TR\" \/>\n<meta property=\"og:type\" content=\"article\" \/>\n<meta property=\"og:title\" content=\"Emar \u00c7ekimlerinde Dikkat Edilmesi Gerekenler - Betatom Emar - Betatom Emar Bah\u00e7elievler G\u00f6r\u00fcnt\u00fcleme Merkezi\" \/>\n<meta property=\"og:description\" content=\"Emar \u00c7ekimlerinde Dikkat Edilmesi Gerekenler Betatom Emar - Betatom Emar Bah\u00e7elievler G\u00f6r\u00fcnt\u00fcleme Merkezi -\" \/>\n<meta property=\"og:url\" content=\"https:\/\/betatom.com.tr\/?page_id=968\" \/>\n<meta property=\"og:site_name\" content=\"Betatom Emar - Betatom Emar Bah\u00e7elievler G\u00f6r\u00fcnt\u00fcleme Merkezi\" \/>\n<meta property=\"article:modified_time\" content=\"2023-07-03T17:51:56+00:00\" \/>\n<meta property=\"og:image\" content=\"https:\/\/betatom.com.tr\/wp-content\/uploads\/elementor\/thumbs\/WhatsApp-Image-2023-06-08-at-15.16.10-3-1-q8qhbow92dvauv7npgd9kgbzhmj6qzl3rfdlcf3q1s.jpeg\" \/>\n<meta name=\"twitter:card\" content=\"summary_large_image\" \/>\n<meta name=\"twitter:label1\" content=\"Tahmini okuma s\u00fcresi\" \/>\n\t<meta name=\"twitter:data1\" content=\"2 dakika\" \/>\n<script type=\"application\/ld+json\" class=\"yoast-schema-graph\">{\"@context\":\"https:\\\/\\\/schema.org\",\"@graph\":[{\"@type\":\"WebPage\",\"@id\":\"https:\\\/\\\/betatom.com.tr\\\/?page_id=968\",\"url\":\"https:\\\/\\\/betatom.com.tr\\\/?page_id=968\",\"name\":\"Emar \u00c7ekimlerinde Dikkat Edilmesi Gerekenler - Betatom Emar - Betatom Emar Bah\u00e7elievler G\u00f6r\u00fcnt\u00fcleme Merkezi\",\"isPartOf\":{\"@id\":\"https:\\\/\\\/betatom.com.tr\\\/#website\"},\"primaryImageOfPage\":{\"@id\":\"https:\\\/\\\/betatom.com.tr\\\/?page_id=968#primaryimage\"},\"image\":{\"@id\":\"https:\\\/\\\/betatom.com.tr\\\/?page_id=968#primaryimage\"},\"thumbnailUrl\":\"https:\\\/\\\/betatom.com.tr\\\/wp-content\\\/uploads\\\/elementor\\\/thumbs\\\/WhatsApp-Image-2023-06-08-at-15.16.10-3-1-q8qhbow92dvauv7npgd9kgbzhmj6qzl3rfdlcf3q1s.jpeg\",\"datePublished\":\"2023-07-03T17:51:06+00:00\",\"dateModified\":\"2023-07-03T17:51:56+00:00\",\"description\":\"Emar \u00c7ekimlerinde Dikkat Edilmesi Gerekenler Betatom Emar - Betatom Emar Bah\u00e7elievler G\u00f6r\u00fcnt\u00fcleme Merkezi -\",\"breadcrumb\":{\"@id\":\"https:\\\/\\\/betatom.com.tr\\\/?page_id=968#breadcrumb\"},\"inLanguage\":\"tr\",\"potentialAction\":[{\"@type\":\"ReadAction\",\"target\":[\"https:\\\/\\\/betatom.com.tr\\\/?page_id=968\"]}]},{\"@type\":\"ImageObject\",\"inLanguage\":\"tr\",\"@id\":\"https:\\\/\\\/betatom.com.tr\\\/?page_id=968#primaryimage\",\"url\":\"https:\\\/\\\/betatom.com.tr\\\/wp-content\\\/uploads\\\/elementor\\\/thumbs\\\/WhatsApp-Image-2023-06-08-at-15.16.10-3-1-q8qhbow92dvauv7npgd9kgbzhmj6qzl3rfdlcf3q1s.jpeg\",\"contentUrl\":\"https:\\\/\\\/betatom.com.tr\\\/wp-content\\\/uploads\\\/elementor\\\/thumbs\\\/WhatsApp-Image-2023-06-08-at-15.16.10-3-1-q8qhbow92dvauv7npgd9kgbzhmj6qzl3rfdlcf3q1s.jpeg\"},{\"@type\":\"BreadcrumbList\",\"@id\":\"https:\\\/\\\/betatom.com.tr\\\/?page_id=968#breadcrumb\",\"itemListElement\":[{\"@type\":\"ListItem\",\"position\":1,\"name\":\"Anasayfa\",\"item\":\"https:\\\/\\\/betatom.com.tr\\\/\"},{\"@type\":\"ListItem\",\"position\":2,\"name\":\"Emar \u00c7ekimlerinde Dikkat Edilmesi Gerekenler\"}]},{\"@type\":\"WebSite\",\"@id\":\"https:\\\/\\\/betatom.com.tr\\\/#website\",\"url\":\"https:\\\/\\\/betatom.com.tr\\\/\",\"name\":\"Betatom Emar - Betatom Emar Bah\u00e7elievler G\u00f6r\u00fcnt\u00fcleme Merkezi\",\"description\":\"\",\"publisher\":{\"@id\":\"https:\\\/\\\/betatom.com.tr\\\/#organization\"},\"potentialAction\":[{\"@type\":\"SearchAction\",\"target\":{\"@type\":\"EntryPoint\",\"urlTemplate\":\"https:\\\/\\\/betatom.com.tr\\\/?s={search_term_string}\"},\"query-input\":{\"@type\":\"PropertyValueSpecification\",\"valueRequired\":true,\"valueName\":\"search_term_string\"}}],\"inLanguage\":\"tr\"},{\"@type\":\"Organization\",\"@id\":\"https:\\\/\\\/betatom.com.tr\\\/#organization\",\"name\":\"Betatom Emar - Betatom Emar Bah\u00e7elievler G\u00f6r\u00fcnt\u00fcleme Merkezi\",\"url\":\"https:\\\/\\\/betatom.com.tr\\\/\",\"logo\":{\"@type\":\"ImageObject\",\"inLanguage\":\"tr\",\"@id\":\"https:\\\/\\\/betatom.com.tr\\\/#\\\/schema\\\/logo\\\/image\\\/\",\"url\":\"https:\\\/\\\/betatom.com.tr\\\/wp-content\\\/uploads\\\/2023\\\/06\\\/cropped-400x400-betatom-emar-renkli.png\",\"contentUrl\":\"https:\\\/\\\/betatom.com.tr\\\/wp-content\\\/uploads\\\/2023\\\/06\\\/cropped-400x400-betatom-emar-renkli.png\",\"width\":398,\"height\":36,\"caption\":\"Betatom Emar - Betatom Emar Bah\u00e7elievler G\u00f6r\u00fcnt\u00fcleme Merkezi\"},\"image\":{\"@id\":\"https:\\\/\\\/betatom.com.tr\\\/#\\\/schema\\\/logo\\\/image\\\/\"}}]}<\/script>\n<!-- \/ Yoast SEO plugin. -->","yoast_head_json":{"title":"Emar \u00c7ekimlerinde Dikkat Edilmesi Gerekenler - Betatom Emar - Betatom Emar Bah\u00e7elievler G\u00f6r\u00fcnt\u00fcleme Merkezi","description":"Emar \u00c7ekimlerinde Dikkat Edilmesi Gerekenler Betatom Emar - Betatom Emar Bah\u00e7elievler G\u00f6r\u00fcnt\u00fcleme Merkezi -","robots":{"index":"index","follow":"follow","max-snippet":"max-snippet:-1","max-image-preview":"max-image-preview:large","max-video-preview":"max-video-preview:-1"},"canonical":"https:\/\/betatom.com.tr\/?page_id=968","og_locale":"tr_TR","og_type":"article","og_title":"Emar \u00c7ekimlerinde Dikkat Edilmesi Gerekenler - Betatom Emar - Betatom Emar Bah\u00e7elievler G\u00f6r\u00fcnt\u00fcleme Merkezi","og_description":"Emar \u00c7ekimlerinde Dikkat Edilmesi Gerekenler Betatom Emar - Betatom Emar Bah\u00e7elievler G\u00f6r\u00fcnt\u00fcleme Merkezi -","og_url":"https:\/\/betatom.com.tr\/?page_id=968","og_site_name":"Betatom Emar - Betatom Emar Bah\u00e7elievler G\u00f6r\u00fcnt\u00fcleme Merkezi","article_modified_time":"2023-07-03T17:51:56+00:00","og_image":[{"url":"https:\/\/betatom.com.tr\/wp-content\/uploads\/elementor\/thumbs\/WhatsApp-Image-2023-06-08-at-15.16.10-3-1-q8qhbow92dvauv7npgd9kgbzhmj6qzl3rfdlcf3q1s.jpeg","type":"","width":"","height":""}],"twitter_card":"summary_large_image","twitter_misc":{"Tahmini okuma s\u00fcresi":"2 dakika"},"schema":{"@context":"https:\/\/schema.org","@graph":[{"@type":"WebPage","@id":"https:\/\/betatom.com.tr\/?page_id=968","url":"https:\/\/betatom.com.tr\/?page_id=968","name":"Emar \u00c7ekimlerinde Dikkat Edilmesi Gerekenler - Betatom Emar - Betatom Emar Bah\u00e7elievler G\u00f6r\u00fcnt\u00fcleme Merkezi","isPartOf":{"@id":"https:\/\/betatom.com.tr\/#website"},"primaryImageOfPage":{"@id":"https:\/\/betatom.com.tr\/?page_id=968#primaryimage"},"image":{"@id":"https:\/\/betatom.com.tr\/?page_id=968#primaryimage"},"thumbnailUrl":"https:\/\/betatom.com.tr\/wp-content\/uploads\/elementor\/thumbs\/WhatsApp-Image-2023-06-08-at-15.16.10-3-1-q8qhbow92dvauv7npgd9kgbzhmj6qzl3rfdlcf3q1s.jpeg","datePublished":"2023-07-03T17:51:06+00:00","dateModified":"2023-07-03T17:51:56+00:00","description":"Emar \u00c7ekimlerinde Dikkat Edilmesi Gerekenler Betatom Emar - Betatom Emar Bah\u00e7elievler G\u00f6r\u00fcnt\u00fcleme Merkezi -","breadcrumb":{"@id":"https:\/\/betatom.com.tr\/?page_id=968#breadcrumb"},"inLanguage":"tr","potentialAction":[{"@type":"ReadAction","target":["https:\/\/betatom.com.tr\/?page_id=968"]}]},{"@type":"ImageObject","inLanguage":"tr","@id":"https:\/\/betatom.com.tr\/?page_id=968#primaryimage","url":"https:\/\/betatom.com.tr\/wp-content\/uploads\/elementor\/thumbs\/WhatsApp-Image-2023-06-08-at-15.16.10-3-1-q8qhbow92dvauv7npgd9kgbzhmj6qzl3rfdlcf3q1s.jpeg","contentUrl":"https:\/\/betatom.com.tr\/wp-content\/uploads\/elementor\/thumbs\/WhatsApp-Image-2023-06-08-at-15.16.10-3-1-q8qhbow92dvauv7npgd9kgbzhmj6qzl3rfdlcf3q1s.jpeg"},{"@type":"BreadcrumbList","@id":"https:\/\/betatom.com.tr\/?page_id=968#breadcrumb","itemListElement":[{"@type":"ListItem","position":1,"name":"Anasayfa","item":"https:\/\/betatom.com.tr\/"},{"@type":"ListItem","position":2,"name":"Emar \u00c7ekimlerinde Dikkat Edilmesi Gerekenler"}]},{"@type":"WebSite","@id":"https:\/\/betatom.com.tr\/#website","url":"https:\/\/betatom.com.tr\/","name":"Betatom Emar - Betatom Emar Bah\u00e7elievler G\u00f6r\u00fcnt\u00fcleme Merkezi","description":"","publisher":{"@id":"https:\/\/betatom.com.tr\/#organization"},"potentialAction":[{"@type":"SearchAction","target":{"@type":"EntryPoint","urlTemplate":"https:\/\/betatom.com.tr\/?s={search_term_string}"},"query-input":{"@type":"PropertyValueSpecification","valueRequired":true,"valueName":"search_term_string"}}],"inLanguage":"tr"},{"@type":"Organization","@id":"https:\/\/betatom.com.tr\/#organization","name":"Betatom Emar - Betatom Emar Bah\u00e7elievler G\u00f6r\u00fcnt\u00fcleme Merkezi","url":"https:\/\/betatom.com.tr\/","logo":{"@type":"ImageObject","inLanguage":"tr","@id":"https:\/\/betatom.com.tr\/#\/schema\/logo\/image\/","url":"https:\/\/betatom.com.tr\/wp-content\/uploads\/2023\/06\/cropped-400x400-betatom-emar-renkli.png","contentUrl":"https:\/\/betatom.com.tr\/wp-content\/uploads\/2023\/06\/cropped-400x400-betatom-emar-renkli.png","width":398,"height":36,"caption":"Betatom Emar - Betatom Emar Bah\u00e7elievler G\u00f6r\u00fcnt\u00fcleme Merkezi"},"image":{"@id":"https:\/\/betatom.com.tr\/#\/schema\/logo\/image\/"}}]}},"jetpack_sharing_enabled":true,"_links":{"self":[{"href":"https:\/\/betatom.com.tr\/index.php?rest_route=\/wp\/v2\/pages\/968","targetHints":{"allow":["GET"]}}],"collection":[{"href":"https:\/\/betatom.com.tr\/index.php?rest_route=\/wp\/v2\/pages"}],"about":[{"href":"https:\/\/betatom.com.tr\/index.php?rest_route=\/wp\/v2\/types\/page"}],"author":[{"embeddable":true,"href":"https:\/\/betatom.com.tr\/index.php?rest_route=\/wp\/v2\/users\/1"}],"replies":[{"embeddable":true,"href":"https:\/\/betatom.com.tr\/index.php?rest_route=%2Fwp%2Fv2%2Fcomments&post=968"}],"version-history":[{"count":4,"href":"https:\/\/betatom.com.tr\/index.php?rest_route=\/wp\/v2\/pages\/968\/revisions"}],"predecessor-version":[{"id":972,"href":"https:\/\/betatom.com.tr\/index.php?rest_route=\/wp\/v2\/pages\/968\/revisions\/972"}],"wp:attachment":[{"href":"https:\/\/betatom.com.tr\/index.php?rest_route=%2Fwp%2Fv2%2Fmedia&parent=968"}],"curies":[{"name":"wp","href":"https:\/\/api.w.org\/{rel}","templated":true}]}}