{"id":304,"date":"2023-06-27T07:21:27","date_gmt":"2023-06-27T07:21:27","guid":{"rendered":"https:\/\/betatom.com.tr\/?page_id=304"},"modified":"2025-05-26T13:19:10","modified_gmt":"2025-05-26T13:19:10","slug":"galeri","status":"publish","type":"page","link":"https:\/\/betatom.com.tr\/?page_id=304","title":{"rendered":"Galeri"},"content":{"rendered":"\t\t<div data-elementor-type=\"wp-page\" data-elementor-id=\"304\" class=\"elementor elementor-304\" data-elementor-settings=\"{&quot;ha_cmc_init_switcher&quot;:&quot;no&quot;}\">\n\t\t\t\t\t\t<section class=\"has_eae_slider elementor-section elementor-top-section elementor-element elementor-element-fd400b9 elementor-section-boxed elementor-section-height-default elementor-section-height-default wpr-particle-no wpr-jarallax-no wpr-parallax-no wpr-sticky-section-no wpr-equal-height-no\" data-eae-slider=\"24227\" data-id=\"fd400b9\" data-element_type=\"section\" data-e-type=\"section\" data-settings=\"{&quot;_ha_eqh_enable&quot;:false}\">\n\t\t\t\t\t\t<div class=\"elementor-container elementor-column-gap-no\">\n\t\t\t\t\t<div class=\"has_eae_slider elementor-column elementor-col-100 elementor-top-column elementor-element elementor-element-cfb5807\" data-eae-slider=\"14332\" data-id=\"cfb5807\" data-element_type=\"column\" data-e-type=\"column\">\n\t\t\t<div class=\"elementor-widget-wrap elementor-element-populated\">\n\t\t\t\t\t\t<div class=\"elementor-element elementor-element-1f23dc5 gallery-spacing-custom elementor-widget elementor-widget-image-gallery\" data-id=\"1f23dc5\" data-element_type=\"widget\" data-e-type=\"widget\" data-widget_type=\"image-gallery.default\">\n\t\t\t\t<div class=\"elementor-widget-container\">\n\t\t\t\t\t\t\t<div class=\"elementor-image-gallery\">\n\t\t\t<div id='gallery-1' class='gallery galleryid-304 gallery-columns-4 gallery-size-large'><figure class='gallery-item'>\n\t\t\t<div class='gallery-icon landscape'>\n\t\t\t\t<a data-elementor-open-lightbox=\"yes\" data-elementor-lightbox-slideshow=\"1f23dc5\" data-e-action-hash=\"#elementor-action%3Aaction%3Dlightbox%26settings%3DeyJpZCI6MTI5NSwidXJsIjoiaHR0cHM6XC9cL2JldGF0b20uY29tLnRyXC93cC1jb250ZW50XC91cGxvYWRzXC8yMDIzXC8wN1wvV2hhdHNBcHAtSW1hZ2UtMjAyMy0wNi0wOC1hdC0xNS4xNi4wMi1Lb3B5YS1Lb3B5YS5qcGVnIiwic2xpZGVzaG93IjoiMWYyM2RjNSJ9\" href='https:\/\/betatom.com.tr\/wp-content\/uploads\/2023\/07\/WhatsApp-Image-2023-06-08-at-15.16.02-Kopya-Kopya.jpeg'><img fetchpriority=\"high\" decoding=\"async\" width=\"800\" height=\"533\" src=\"https:\/\/betatom.com.tr\/wp-content\/uploads\/2023\/07\/WhatsApp-Image-2023-06-08-at-15.16.02-Kopya-Kopya-1024x682.jpeg\" class=\"attachment-large size-large\" alt=\"BETATOM EMAR G\u00d6R\u00dcNT\u00dcLEME VE TANI MERKEZLER\u0130\" srcset=\"https:\/\/betatom.com.tr\/wp-content\/uploads\/2023\/07\/WhatsApp-Image-2023-06-08-at-15.16.02-Kopya-Kopya-1024x682.jpeg 1024w, https:\/\/betatom.com.tr\/wp-content\/uploads\/2023\/07\/WhatsApp-Image-2023-06-08-at-15.16.02-Kopya-Kopya-600x400.jpeg 600w, https:\/\/betatom.com.tr\/wp-content\/uploads\/2023\/07\/WhatsApp-Image-2023-06-08-at-15.16.02-Kopya-Kopya-300x200.jpeg 300w, https:\/\/betatom.com.tr\/wp-content\/uploads\/2023\/07\/WhatsApp-Image-2023-06-08-at-15.16.02-Kopya-Kopya-768x512.jpeg 768w, https:\/\/betatom.com.tr\/wp-content\/uploads\/2023\/07\/WhatsApp-Image-2023-06-08-at-15.16.02-Kopya-Kopya-1536x1023.jpeg 1536w, https:\/\/betatom.com.tr\/wp-content\/uploads\/2023\/07\/WhatsApp-Image-2023-06-08-at-15.16.02-Kopya-Kopya-200x133.jpeg 200w, https:\/\/betatom.com.tr\/wp-content\/uploads\/2023\/07\/WhatsApp-Image-2023-06-08-at-15.16.02-Kopya-Kopya.jpeg 1600w\" sizes=\"(max-width: 800px) 100vw, 800px\" \/><\/a>\n\t\t\t<\/div><\/figure><figure class='gallery-item'>\n\t\t\t<div class='gallery-icon landscape'>\n\t\t\t\t<a data-elementor-open-lightbox=\"yes\" data-elementor-lightbox-slideshow=\"1f23dc5\" data-e-action-hash=\"#elementor-action%3Aaction%3Dlightbox%26settings%3DeyJpZCI6MTI5NCwidXJsIjoiaHR0cHM6XC9cL2JldGF0b20uY29tLnRyXC93cC1jb250ZW50XC91cGxvYWRzXC8yMDIzXC8wN1wvV2hhdHNBcHAtSW1hZ2UtMjAyMy0wNi0wOC1hdC0xNS4xNS41OC0xLUtvcHlhLUtvcHlhLmpwZWciLCJzbGlkZXNob3ciOiIxZjIzZGM1In0%3D\" href='https:\/\/betatom.com.tr\/wp-content\/uploads\/2023\/07\/WhatsApp-Image-2023-06-08-at-15.15.58-1-Kopya-Kopya.jpeg'><img decoding=\"async\" width=\"800\" height=\"533\" src=\"https:\/\/betatom.com.tr\/wp-content\/uploads\/2023\/07\/WhatsApp-Image-2023-06-08-at-15.15.58-1-Kopya-Kopya-1024x682.jpeg\" class=\"attachment-large size-large\" alt=\"Betatom Emar G\u00f6r\u00fcnt\u00fcleme ve Tan\u0131 Merkezi\" srcset=\"https:\/\/betatom.com.tr\/wp-content\/uploads\/2023\/07\/WhatsApp-Image-2023-06-08-at-15.15.58-1-Kopya-Kopya-1024x682.jpeg 1024w, https:\/\/betatom.com.tr\/wp-content\/uploads\/2023\/07\/WhatsApp-Image-2023-06-08-at-15.15.58-1-Kopya-Kopya-600x400.jpeg 600w, https:\/\/betatom.com.tr\/wp-content\/uploads\/2023\/07\/WhatsApp-Image-2023-06-08-at-15.15.58-1-Kopya-Kopya-300x200.jpeg 300w, https:\/\/betatom.com.tr\/wp-content\/uploads\/2023\/07\/WhatsApp-Image-2023-06-08-at-15.15.58-1-Kopya-Kopya-768x512.jpeg 768w, https:\/\/betatom.com.tr\/wp-content\/uploads\/2023\/07\/WhatsApp-Image-2023-06-08-at-15.15.58-1-Kopya-Kopya-1536x1023.jpeg 1536w, https:\/\/betatom.com.tr\/wp-content\/uploads\/2023\/07\/WhatsApp-Image-2023-06-08-at-15.15.58-1-Kopya-Kopya-200x133.jpeg 200w, https:\/\/betatom.com.tr\/wp-content\/uploads\/2023\/07\/WhatsApp-Image-2023-06-08-at-15.15.58-1-Kopya-Kopya.jpeg 1600w\" sizes=\"(max-width: 800px) 100vw, 800px\" \/><\/a>\n\t\t\t<\/div><\/figure><figure class='gallery-item'>\n\t\t\t<div class='gallery-icon landscape'>\n\t\t\t\t<a data-elementor-open-lightbox=\"yes\" data-elementor-lightbox-slideshow=\"1f23dc5\" data-e-action-hash=\"#elementor-action%3Aaction%3Dlightbox%26settings%3DeyJpZCI6MTI5MywidXJsIjoiaHR0cHM6XC9cL2JldGF0b20uY29tLnRyXC93cC1jb250ZW50XC91cGxvYWRzXC8yMDIzXC8wN1wvV2hhdHNBcHAtSW1hZ2UtMjAyMy0wNi0wOC1hdC0xNS4xNi4wMS1Lb3B5YS5qcGVnIiwic2xpZGVzaG93IjoiMWYyM2RjNSJ9\" href='https:\/\/betatom.com.tr\/wp-content\/uploads\/2023\/07\/WhatsApp-Image-2023-06-08-at-15.16.01-Kopya.jpeg'><img decoding=\"async\" width=\"800\" height=\"533\" src=\"https:\/\/betatom.com.tr\/wp-content\/uploads\/2023\/07\/WhatsApp-Image-2023-06-08-at-15.16.01-Kopya-1024x682.jpeg\" class=\"attachment-large size-large\" alt=\"Betatom Ema G\u00f6r\u00fcnt\u00fcleme ve Tan\u0131 Merkezi\" srcset=\"https:\/\/betatom.com.tr\/wp-content\/uploads\/2023\/07\/WhatsApp-Image-2023-06-08-at-15.16.01-Kopya-1024x682.jpeg 1024w, https:\/\/betatom.com.tr\/wp-content\/uploads\/2023\/07\/WhatsApp-Image-2023-06-08-at-15.16.01-Kopya-600x400.jpeg 600w, https:\/\/betatom.com.tr\/wp-content\/uploads\/2023\/07\/WhatsApp-Image-2023-06-08-at-15.16.01-Kopya-300x200.jpeg 300w, https:\/\/betatom.com.tr\/wp-content\/uploads\/2023\/07\/WhatsApp-Image-2023-06-08-at-15.16.01-Kopya-768x512.jpeg 768w, https:\/\/betatom.com.tr\/wp-content\/uploads\/2023\/07\/WhatsApp-Image-2023-06-08-at-15.16.01-Kopya-1536x1023.jpeg 1536w, https:\/\/betatom.com.tr\/wp-content\/uploads\/2023\/07\/WhatsApp-Image-2023-06-08-at-15.16.01-Kopya-200x133.jpeg 200w, https:\/\/betatom.com.tr\/wp-content\/uploads\/2023\/07\/WhatsApp-Image-2023-06-08-at-15.16.01-Kopya.jpeg 1600w\" sizes=\"(max-width: 800px) 100vw, 800px\" \/><\/a>\n\t\t\t<\/div><\/figure><figure class='gallery-item'>\n\t\t\t<div class='gallery-icon landscape'>\n\t\t\t\t<a data-elementor-open-lightbox=\"yes\" data-elementor-lightbox-slideshow=\"1f23dc5\" data-e-action-hash=\"#elementor-action%3Aaction%3Dlightbox%26settings%3DeyJpZCI6MTI5MiwidXJsIjoiaHR0cHM6XC9cL2JldGF0b20uY29tLnRyXC93cC1jb250ZW50XC91cGxvYWRzXC8yMDIzXC8wN1wvV2hhdHNBcHAtSW1hZ2UtMjAyMy0wNi0wOC1hdC0xNS4xNS41OS0xLUtvcHlhLUtvcHlhLmpwZWciLCJzbGlkZXNob3ciOiIxZjIzZGM1In0%3D\" href='https:\/\/betatom.com.tr\/wp-content\/uploads\/2023\/07\/WhatsApp-Image-2023-06-08-at-15.15.59-1-Kopya-Kopya.jpeg'><img loading=\"lazy\" decoding=\"async\" width=\"800\" height=\"533\" src=\"https:\/\/betatom.com.tr\/wp-content\/uploads\/2023\/07\/WhatsApp-Image-2023-06-08-at-15.15.59-1-Kopya-Kopya-1024x682.jpeg\" class=\"attachment-large size-large\" alt=\"BETATOM EMAR G\u00d6R\u00dcNT\u00dcLEME VE TANI MERKEZLER\u0130\" srcset=\"https:\/\/betatom.com.tr\/wp-content\/uploads\/2023\/07\/WhatsApp-Image-2023-06-08-at-15.15.59-1-Kopya-Kopya-1024x682.jpeg 1024w, https:\/\/betatom.com.tr\/wp-content\/uploads\/2023\/07\/WhatsApp-Image-2023-06-08-at-15.15.59-1-Kopya-Kopya-600x400.jpeg 600w, https:\/\/betatom.com.tr\/wp-content\/uploads\/2023\/07\/WhatsApp-Image-2023-06-08-at-15.15.59-1-Kopya-Kopya-300x200.jpeg 300w, https:\/\/betatom.com.tr\/wp-content\/uploads\/2023\/07\/WhatsApp-Image-2023-06-08-at-15.15.59-1-Kopya-Kopya-768x512.jpeg 768w, https:\/\/betatom.com.tr\/wp-content\/uploads\/2023\/07\/WhatsApp-Image-2023-06-08-at-15.15.59-1-Kopya-Kopya-1536x1023.jpeg 1536w, https:\/\/betatom.com.tr\/wp-content\/uploads\/2023\/07\/WhatsApp-Image-2023-06-08-at-15.15.59-1-Kopya-Kopya-200x133.jpeg 200w, https:\/\/betatom.com.tr\/wp-content\/uploads\/2023\/07\/WhatsApp-Image-2023-06-08-at-15.15.59-1-Kopya-Kopya.jpeg 1600w\" sizes=\"(max-width: 800px) 100vw, 800px\" \/><\/a>\n\t\t\t<\/div><\/figure><figure class='gallery-item'>\n\t\t\t<div class='gallery-icon landscape'>\n\t\t\t\t<a data-elementor-open-lightbox=\"yes\" data-elementor-lightbox-slideshow=\"1f23dc5\" data-e-action-hash=\"#elementor-action%3Aaction%3Dlightbox%26settings%3DeyJpZCI6MTI5MSwidXJsIjoiaHR0cHM6XC9cL2JldGF0b20uY29tLnRyXC93cC1jb250ZW50XC91cGxvYWRzXC8yMDIzXC8wN1wvV2hhdHNBcHAtSW1hZ2UtMjAyMy0wNi0wOC1hdC0xNS4xNS41OC0xLUtvcHlhLmpwZWciLCJzbGlkZXNob3ciOiIxZjIzZGM1In0%3D\" href='https:\/\/betatom.com.tr\/wp-content\/uploads\/2023\/07\/WhatsApp-Image-2023-06-08-at-15.15.58-1-Kopya.jpeg'><img loading=\"lazy\" decoding=\"async\" width=\"800\" height=\"533\" src=\"https:\/\/betatom.com.tr\/wp-content\/uploads\/2023\/07\/WhatsApp-Image-2023-06-08-at-15.15.58-1-Kopya-1024x682.jpeg\" class=\"attachment-large size-large\" alt=\"BETATOM EMAR G\u00d6R\u00dcNT\u00dcLEME VE TANI MERKEZLER\u0130\" srcset=\"https:\/\/betatom.com.tr\/wp-content\/uploads\/2023\/07\/WhatsApp-Image-2023-06-08-at-15.15.58-1-Kopya-1024x682.jpeg 1024w, https:\/\/betatom.com.tr\/wp-content\/uploads\/2023\/07\/WhatsApp-Image-2023-06-08-at-15.15.58-1-Kopya-600x400.jpeg 600w, https:\/\/betatom.com.tr\/wp-content\/uploads\/2023\/07\/WhatsApp-Image-2023-06-08-at-15.15.58-1-Kopya-300x200.jpeg 300w, https:\/\/betatom.com.tr\/wp-content\/uploads\/2023\/07\/WhatsApp-Image-2023-06-08-at-15.15.58-1-Kopya-768x512.jpeg 768w, https:\/\/betatom.com.tr\/wp-content\/uploads\/2023\/07\/WhatsApp-Image-2023-06-08-at-15.15.58-1-Kopya-1536x1023.jpeg 1536w, https:\/\/betatom.com.tr\/wp-content\/uploads\/2023\/07\/WhatsApp-Image-2023-06-08-at-15.15.58-1-Kopya-200x133.jpeg 200w, https:\/\/betatom.com.tr\/wp-content\/uploads\/2023\/07\/WhatsApp-Image-2023-06-08-at-15.15.58-1-Kopya.jpeg 1600w\" sizes=\"(max-width: 800px) 100vw, 800px\" \/><\/a>\n\t\t\t<\/div><\/figure><figure class='gallery-item'>\n\t\t\t<div class='gallery-icon landscape'>\n\t\t\t\t<a data-elementor-open-lightbox=\"yes\" data-elementor-lightbox-slideshow=\"1f23dc5\" data-e-action-hash=\"#elementor-action%3Aaction%3Dlightbox%26settings%3DeyJpZCI6MTI5MCwidXJsIjoiaHR0cHM6XC9cL2JldGF0b20uY29tLnRyXC93cC1jb250ZW50XC91cGxvYWRzXC8yMDIzXC8wN1wvV2hhdHNBcHAtSW1hZ2UtMjAyMy0wNi0wOC1hdC0xNS4xNS41OC1Lb3B5YS1Lb3B5YS5qcGVnIiwic2xpZGVzaG93IjoiMWYyM2RjNSJ9\" href='https:\/\/betatom.com.tr\/wp-content\/uploads\/2023\/07\/WhatsApp-Image-2023-06-08-at-15.15.58-Kopya-Kopya.jpeg'><img loading=\"lazy\" decoding=\"async\" width=\"800\" height=\"533\" src=\"https:\/\/betatom.com.tr\/wp-content\/uploads\/2023\/07\/WhatsApp-Image-2023-06-08-at-15.15.58-Kopya-Kopya-1024x682.jpeg\" class=\"attachment-large size-large\" alt=\"BETATOM EMAR G\u00d6R\u00dcNT\u00dcLEME VE TANI MERKEZLER\u0130\" srcset=\"https:\/\/betatom.com.tr\/wp-content\/uploads\/2023\/07\/WhatsApp-Image-2023-06-08-at-15.15.58-Kopya-Kopya-1024x682.jpeg 1024w, https:\/\/betatom.com.tr\/wp-content\/uploads\/2023\/07\/WhatsApp-Image-2023-06-08-at-15.15.58-Kopya-Kopya-600x400.jpeg 600w, https:\/\/betatom.com.tr\/wp-content\/uploads\/2023\/07\/WhatsApp-Image-2023-06-08-at-15.15.58-Kopya-Kopya-300x200.jpeg 300w, https:\/\/betatom.com.tr\/wp-content\/uploads\/2023\/07\/WhatsApp-Image-2023-06-08-at-15.15.58-Kopya-Kopya-768x512.jpeg 768w, https:\/\/betatom.com.tr\/wp-content\/uploads\/2023\/07\/WhatsApp-Image-2023-06-08-at-15.15.58-Kopya-Kopya-1536x1023.jpeg 1536w, https:\/\/betatom.com.tr\/wp-content\/uploads\/2023\/07\/WhatsApp-Image-2023-06-08-at-15.15.58-Kopya-Kopya-200x133.jpeg 200w, https:\/\/betatom.com.tr\/wp-content\/uploads\/2023\/07\/WhatsApp-Image-2023-06-08-at-15.15.58-Kopya-Kopya.jpeg 1600w\" sizes=\"(max-width: 800px) 100vw, 800px\" \/><\/a>\n\t\t\t<\/div><\/figure><figure class='gallery-item'>\n\t\t\t<div class='gallery-icon landscape'>\n\t\t\t\t<a data-elementor-open-lightbox=\"yes\" data-elementor-lightbox-slideshow=\"1f23dc5\" data-e-action-hash=\"#elementor-action%3Aaction%3Dlightbox%26settings%3DeyJpZCI6MTI4OSwidXJsIjoiaHR0cHM6XC9cL2JldGF0b20uY29tLnRyXC93cC1jb250ZW50XC91cGxvYWRzXC8yMDIzXC8wN1wvV2hhdHNBcHAtSW1hZ2UtMjAyMy0wNi0wOC1hdC0xNS4xNS41Ny1Lb3B5YS5qcGVnIiwic2xpZGVzaG93IjoiMWYyM2RjNSJ9\" href='https:\/\/betatom.com.tr\/wp-content\/uploads\/2023\/07\/WhatsApp-Image-2023-06-08-at-15.15.57-Kopya.jpeg'><img loading=\"lazy\" decoding=\"async\" width=\"800\" height=\"533\" src=\"https:\/\/betatom.com.tr\/wp-content\/uploads\/2023\/07\/WhatsApp-Image-2023-06-08-at-15.15.57-Kopya-1024x682.jpeg\" class=\"attachment-large size-large\" alt=\"BETATOM EMAR G\u00d6R\u00dcNT\u00dcLEME VE TANI MERKEZLER\u0130\" srcset=\"https:\/\/betatom.com.tr\/wp-content\/uploads\/2023\/07\/WhatsApp-Image-2023-06-08-at-15.15.57-Kopya-1024x682.jpeg 1024w, https:\/\/betatom.com.tr\/wp-content\/uploads\/2023\/07\/WhatsApp-Image-2023-06-08-at-15.15.57-Kopya-600x400.jpeg 600w, https:\/\/betatom.com.tr\/wp-content\/uploads\/2023\/07\/WhatsApp-Image-2023-06-08-at-15.15.57-Kopya-300x200.jpeg 300w, https:\/\/betatom.com.tr\/wp-content\/uploads\/2023\/07\/WhatsApp-Image-2023-06-08-at-15.15.57-Kopya-768x512.jpeg 768w, https:\/\/betatom.com.tr\/wp-content\/uploads\/2023\/07\/WhatsApp-Image-2023-06-08-at-15.15.57-Kopya-1536x1023.jpeg 1536w, https:\/\/betatom.com.tr\/wp-content\/uploads\/2023\/07\/WhatsApp-Image-2023-06-08-at-15.15.57-Kopya-200x133.jpeg 200w, https:\/\/betatom.com.tr\/wp-content\/uploads\/2023\/07\/WhatsApp-Image-2023-06-08-at-15.15.57-Kopya.jpeg 1600w\" sizes=\"(max-width: 800px) 100vw, 800px\" \/><\/a>\n\t\t\t<\/div><\/figure><figure class='gallery-item'>\n\t\t\t<div class='gallery-icon landscape'>\n\t\t\t\t<a data-elementor-open-lightbox=\"yes\" data-elementor-lightbox-slideshow=\"1f23dc5\" data-e-action-hash=\"#elementor-action%3Aaction%3Dlightbox%26settings%3DeyJpZCI6NTM1LCJ1cmwiOiJodHRwczpcL1wvYmV0YXRvbS5jb20udHJcL3dwLWNvbnRlbnRcL3VwbG9hZHNcLzIwMjNcLzA2XC9XaGF0c0FwcC1JbWFnZS0yMDIzLTA2LTA4LWF0LTE1LjE2LjE4LTItMS5qcGVnIiwic2xpZGVzaG93IjoiMWYyM2RjNSJ9\" data-elementor-lightbox-title=\"Betatom Emar G\u00f6r\u00fcnt\u00fcleme Merkezi\" href='https:\/\/betatom.com.tr\/wp-content\/uploads\/2023\/06\/WhatsApp-Image-2023-06-08-at-15.16.18-2-1.jpeg'><img loading=\"lazy\" decoding=\"async\" width=\"800\" height=\"533\" src=\"https:\/\/betatom.com.tr\/wp-content\/uploads\/2023\/06\/WhatsApp-Image-2023-06-08-at-15.16.18-2-1-1024x682.jpeg\" class=\"attachment-large size-large\" alt=\"\" srcset=\"https:\/\/betatom.com.tr\/wp-content\/uploads\/2023\/06\/WhatsApp-Image-2023-06-08-at-15.16.18-2-1-1024x682.jpeg 1024w, https:\/\/betatom.com.tr\/wp-content\/uploads\/2023\/06\/WhatsApp-Image-2023-06-08-at-15.16.18-2-1-600x400.jpeg 600w, https:\/\/betatom.com.tr\/wp-content\/uploads\/2023\/06\/WhatsApp-Image-2023-06-08-at-15.16.18-2-1-300x200.jpeg 300w, https:\/\/betatom.com.tr\/wp-content\/uploads\/2023\/06\/WhatsApp-Image-2023-06-08-at-15.16.18-2-1-768x512.jpeg 768w, https:\/\/betatom.com.tr\/wp-content\/uploads\/2023\/06\/WhatsApp-Image-2023-06-08-at-15.16.18-2-1-1536x1023.jpeg 1536w, https:\/\/betatom.com.tr\/wp-content\/uploads\/2023\/06\/WhatsApp-Image-2023-06-08-at-15.16.18-2-1.jpeg 1600w\" sizes=\"(max-width: 800px) 100vw, 800px\" \/><\/a>\n\t\t\t<\/div><\/figure>\n\t\t<\/div>\n\t\t<\/div>\n\t\t\t\t\t\t<\/div>\n\t\t\t\t<\/div>\n\t\t\t\t\t<\/div>\n\t\t<\/div>\n\t\t\t\t\t<\/div>\n\t\t<\/section>\n\t\t\t\t<\/div>\n\t\t","protected":false},"excerpt":{"rendered":"","protected":false},"author":1,"featured_media":0,"parent":0,"menu_order":0,"comment_status":"closed","ping_status":"closed","template":"elementor_header_footer","meta":{"ngg_post_thumbnail":0,"footnotes":""},"class_list":["post-304","page","type-page","status-publish","hentry"],"yoast_head":"<!-- This site is optimized with the Yoast SEO plugin v27.5 - https:\/\/yoast.com\/product\/yoast-seo-wordpress\/ -->\n<title>Galeri - Betatom Emar - Betatom Emar Bah\u00e7elievler G\u00f6r\u00fcnt\u00fcleme Merkezi<\/title>\n<meta name=\"description\" content=\"Galeri Betatom Emar - Betatom Emar Bah\u00e7elievler G\u00f6r\u00fcnt\u00fcleme Merkezi -\" \/>\n<meta name=\"robots\" content=\"index, follow, max-snippet:-1, max-image-preview:large, max-video-preview:-1\" \/>\n<link rel=\"canonical\" href=\"https:\/\/betatom.com.tr\/?page_id=304\" \/>\n<meta property=\"og:locale\" content=\"tr_TR\" \/>\n<meta property=\"og:type\" content=\"article\" \/>\n<meta property=\"og:title\" content=\"Galeri - Betatom Emar - Betatom Emar Bah\u00e7elievler G\u00f6r\u00fcnt\u00fcleme Merkezi\" \/>\n<meta property=\"og:description\" content=\"Galeri Betatom Emar - Betatom Emar Bah\u00e7elievler G\u00f6r\u00fcnt\u00fcleme Merkezi -\" \/>\n<meta property=\"og:url\" content=\"https:\/\/betatom.com.tr\/?page_id=304\" \/>\n<meta property=\"og:site_name\" content=\"Betatom Emar - Betatom Emar Bah\u00e7elievler G\u00f6r\u00fcnt\u00fcleme Merkezi\" \/>\n<meta property=\"article:modified_time\" content=\"2025-05-26T13:19:10+00:00\" \/>\n<meta property=\"og:image\" content=\"https:\/\/betatom.com.tr\/wp-content\/uploads\/2023\/07\/WhatsApp-Image-2023-06-08-at-15.16.02-Kopya-Kopya-1024x682.jpeg\" \/>\n<meta name=\"twitter:card\" content=\"summary_large_image\" \/>\n<meta name=\"twitter:label1\" content=\"Tahmini okuma s\u00fcresi\" \/>\n\t<meta name=\"twitter:data1\" content=\"2 dakika\" \/>\n<script type=\"application\/ld+json\" class=\"yoast-schema-graph\">{\"@context\":\"https:\\\/\\\/schema.org\",\"@graph\":[{\"@type\":\"WebPage\",\"@id\":\"https:\\\/\\\/betatom.com.tr\\\/?page_id=304\",\"url\":\"https:\\\/\\\/betatom.com.tr\\\/?page_id=304\",\"name\":\"Galeri - Betatom Emar - Betatom Emar Bah\u00e7elievler G\u00f6r\u00fcnt\u00fcleme Merkezi\",\"isPartOf\":{\"@id\":\"https:\\\/\\\/betatom.com.tr\\\/#website\"},\"primaryImageOfPage\":{\"@id\":\"https:\\\/\\\/betatom.com.tr\\\/?page_id=304#primaryimage\"},\"image\":{\"@id\":\"https:\\\/\\\/betatom.com.tr\\\/?page_id=304#primaryimage\"},\"thumbnailUrl\":\"https:\\\/\\\/betatom.com.tr\\\/wp-content\\\/uploads\\\/2023\\\/07\\\/WhatsApp-Image-2023-06-08-at-15.16.02-Kopya-Kopya-1024x682.jpeg\",\"datePublished\":\"2023-06-27T07:21:27+00:00\",\"dateModified\":\"2025-05-26T13:19:10+00:00\",\"description\":\"Galeri Betatom Emar - Betatom Emar Bah\u00e7elievler G\u00f6r\u00fcnt\u00fcleme Merkezi -\",\"breadcrumb\":{\"@id\":\"https:\\\/\\\/betatom.com.tr\\\/?page_id=304#breadcrumb\"},\"inLanguage\":\"tr\",\"potentialAction\":[{\"@type\":\"ReadAction\",\"target\":[\"https:\\\/\\\/betatom.com.tr\\\/?page_id=304\"]}]},{\"@type\":\"ImageObject\",\"inLanguage\":\"tr\",\"@id\":\"https:\\\/\\\/betatom.com.tr\\\/?page_id=304#primaryimage\",\"url\":\"https:\\\/\\\/betatom.com.tr\\\/wp-content\\\/uploads\\\/2023\\\/07\\\/WhatsApp-Image-2023-06-08-at-15.16.02-Kopya-Kopya-1024x682.jpeg\",\"contentUrl\":\"https:\\\/\\\/betatom.com.tr\\\/wp-content\\\/uploads\\\/2023\\\/07\\\/WhatsApp-Image-2023-06-08-at-15.16.02-Kopya-Kopya-1024x682.jpeg\"},{\"@type\":\"BreadcrumbList\",\"@id\":\"https:\\\/\\\/betatom.com.tr\\\/?page_id=304#breadcrumb\",\"itemListElement\":[{\"@type\":\"ListItem\",\"position\":1,\"name\":\"Anasayfa\",\"item\":\"https:\\\/\\\/betatom.com.tr\\\/\"},{\"@type\":\"ListItem\",\"position\":2,\"name\":\"Galeri\"}]},{\"@type\":\"WebSite\",\"@id\":\"https:\\\/\\\/betatom.com.tr\\\/#website\",\"url\":\"https:\\\/\\\/betatom.com.tr\\\/\",\"name\":\"Betatom Emar - Betatom Emar Bah\u00e7elievler G\u00f6r\u00fcnt\u00fcleme Merkezi\",\"description\":\"\",\"publisher\":{\"@id\":\"https:\\\/\\\/betatom.com.tr\\\/#organization\"},\"potentialAction\":[{\"@type\":\"SearchAction\",\"target\":{\"@type\":\"EntryPoint\",\"urlTemplate\":\"https:\\\/\\\/betatom.com.tr\\\/?s={search_term_string}\"},\"query-input\":{\"@type\":\"PropertyValueSpecification\",\"valueRequired\":true,\"valueName\":\"search_term_string\"}}],\"inLanguage\":\"tr\"},{\"@type\":\"Organization\",\"@id\":\"https:\\\/\\\/betatom.com.tr\\\/#organization\",\"name\":\"Betatom Emar - Betatom Emar Bah\u00e7elievler G\u00f6r\u00fcnt\u00fcleme Merkezi\",\"url\":\"https:\\\/\\\/betatom.com.tr\\\/\",\"logo\":{\"@type\":\"ImageObject\",\"inLanguage\":\"tr\",\"@id\":\"https:\\\/\\\/betatom.com.tr\\\/#\\\/schema\\\/logo\\\/image\\\/\",\"url\":\"https:\\\/\\\/betatom.com.tr\\\/wp-content\\\/uploads\\\/2023\\\/06\\\/cropped-400x400-betatom-emar-renkli.png\",\"contentUrl\":\"https:\\\/\\\/betatom.com.tr\\\/wp-content\\\/uploads\\\/2023\\\/06\\\/cropped-400x400-betatom-emar-renkli.png\",\"width\":398,\"height\":36,\"caption\":\"Betatom Emar - Betatom Emar Bah\u00e7elievler G\u00f6r\u00fcnt\u00fcleme Merkezi\"},\"image\":{\"@id\":\"https:\\\/\\\/betatom.com.tr\\\/#\\\/schema\\\/logo\\\/image\\\/\"}}]}<\/script>\n<!-- \/ Yoast SEO plugin. -->","yoast_head_json":{"title":"Galeri - Betatom Emar - Betatom Emar Bah\u00e7elievler G\u00f6r\u00fcnt\u00fcleme Merkezi","description":"Galeri Betatom Emar - Betatom Emar Bah\u00e7elievler G\u00f6r\u00fcnt\u00fcleme Merkezi -","robots":{"index":"index","follow":"follow","max-snippet":"max-snippet:-1","max-image-preview":"max-image-preview:large","max-video-preview":"max-video-preview:-1"},"canonical":"https:\/\/betatom.com.tr\/?page_id=304","og_locale":"tr_TR","og_type":"article","og_title":"Galeri - Betatom Emar - Betatom Emar Bah\u00e7elievler G\u00f6r\u00fcnt\u00fcleme Merkezi","og_description":"Galeri Betatom Emar - Betatom Emar Bah\u00e7elievler G\u00f6r\u00fcnt\u00fcleme Merkezi -","og_url":"https:\/\/betatom.com.tr\/?page_id=304","og_site_name":"Betatom Emar - Betatom Emar Bah\u00e7elievler G\u00f6r\u00fcnt\u00fcleme Merkezi","article_modified_time":"2025-05-26T13:19:10+00:00","og_image":[{"url":"https:\/\/betatom.com.tr\/wp-content\/uploads\/2023\/07\/WhatsApp-Image-2023-06-08-at-15.16.02-Kopya-Kopya-1024x682.jpeg","type":"","width":"","height":""}],"twitter_card":"summary_large_image","twitter_misc":{"Tahmini okuma s\u00fcresi":"2 dakika"},"schema":{"@context":"https:\/\/schema.org","@graph":[{"@type":"WebPage","@id":"https:\/\/betatom.com.tr\/?page_id=304","url":"https:\/\/betatom.com.tr\/?page_id=304","name":"Galeri - Betatom Emar - Betatom Emar Bah\u00e7elievler G\u00f6r\u00fcnt\u00fcleme Merkezi","isPartOf":{"@id":"https:\/\/betatom.com.tr\/#website"},"primaryImageOfPage":{"@id":"https:\/\/betatom.com.tr\/?page_id=304#primaryimage"},"image":{"@id":"https:\/\/betatom.com.tr\/?page_id=304#primaryimage"},"thumbnailUrl":"https:\/\/betatom.com.tr\/wp-content\/uploads\/2023\/07\/WhatsApp-Image-2023-06-08-at-15.16.02-Kopya-Kopya-1024x682.jpeg","datePublished":"2023-06-27T07:21:27+00:00","dateModified":"2025-05-26T13:19:10+00:00","description":"Galeri Betatom Emar - Betatom Emar Bah\u00e7elievler G\u00f6r\u00fcnt\u00fcleme Merkezi -","breadcrumb":{"@id":"https:\/\/betatom.com.tr\/?page_id=304#breadcrumb"},"inLanguage":"tr","potentialAction":[{"@type":"ReadAction","target":["https:\/\/betatom.com.tr\/?page_id=304"]}]},{"@type":"ImageObject","inLanguage":"tr","@id":"https:\/\/betatom.com.tr\/?page_id=304#primaryimage","url":"https:\/\/betatom.com.tr\/wp-content\/uploads\/2023\/07\/WhatsApp-Image-2023-06-08-at-15.16.02-Kopya-Kopya-1024x682.jpeg","contentUrl":"https:\/\/betatom.com.tr\/wp-content\/uploads\/2023\/07\/WhatsApp-Image-2023-06-08-at-15.16.02-Kopya-Kopya-1024x682.jpeg"},{"@type":"BreadcrumbList","@id":"https:\/\/betatom.com.tr\/?page_id=304#breadcrumb","itemListElement":[{"@type":"ListItem","position":1,"name":"Anasayfa","item":"https:\/\/betatom.com.tr\/"},{"@type":"ListItem","position":2,"name":"Galeri"}]},{"@type":"WebSite","@id":"https:\/\/betatom.com.tr\/#website","url":"https:\/\/betatom.com.tr\/","name":"Betatom Emar - Betatom Emar Bah\u00e7elievler G\u00f6r\u00fcnt\u00fcleme Merkezi","description":"","publisher":{"@id":"https:\/\/betatom.com.tr\/#organization"},"potentialAction":[{"@type":"SearchAction","target":{"@type":"EntryPoint","urlTemplate":"https:\/\/betatom.com.tr\/?s={search_term_string}"},"query-input":{"@type":"PropertyValueSpecification","valueRequired":true,"valueName":"search_term_string"}}],"inLanguage":"tr"},{"@type":"Organization","@id":"https:\/\/betatom.com.tr\/#organization","name":"Betatom Emar - Betatom Emar Bah\u00e7elievler G\u00f6r\u00fcnt\u00fcleme Merkezi","url":"https:\/\/betatom.com.tr\/","logo":{"@type":"ImageObject","inLanguage":"tr","@id":"https:\/\/betatom.com.tr\/#\/schema\/logo\/image\/","url":"https:\/\/betatom.com.tr\/wp-content\/uploads\/2023\/06\/cropped-400x400-betatom-emar-renkli.png","contentUrl":"https:\/\/betatom.com.tr\/wp-content\/uploads\/2023\/06\/cropped-400x400-betatom-emar-renkli.png","width":398,"height":36,"caption":"Betatom Emar - Betatom Emar Bah\u00e7elievler G\u00f6r\u00fcnt\u00fcleme Merkezi"},"image":{"@id":"https:\/\/betatom.com.tr\/#\/schema\/logo\/image\/"}}]}},"jetpack_sharing_enabled":true,"_links":{"self":[{"href":"https:\/\/betatom.com.tr\/index.php?rest_route=\/wp\/v2\/pages\/304","targetHints":{"allow":["GET"]}}],"collection":[{"href":"https:\/\/betatom.com.tr\/index.php?rest_route=\/wp\/v2\/pages"}],"about":[{"href":"https:\/\/betatom.com.tr\/index.php?rest_route=\/wp\/v2\/types\/page"}],"author":[{"embeddable":true,"href":"https:\/\/betatom.com.tr\/index.php?rest_route=\/wp\/v2\/users\/1"}],"replies":[{"embeddable":true,"href":"https:\/\/betatom.com.tr\/index.php?rest_route=%2Fwp%2Fv2%2Fcomments&post=304"}],"version-history":[{"count":44,"href":"https:\/\/betatom.com.tr\/index.php?rest_route=\/wp\/v2\/pages\/304\/revisions"}],"predecessor-version":[{"id":4559,"href":"https:\/\/betatom.com.tr\/index.php?rest_route=\/wp\/v2\/pages\/304\/revisions\/4559"}],"wp:attachment":[{"href":"https:\/\/betatom.com.tr\/index.php?rest_route=%2Fwp%2Fv2%2Fmedia&parent=304"}],"curies":[{"name":"wp","href":"https:\/\/api.w.org\/{rel}","templated":true}]}}